{"id":17,"date":"2023-05-18T12:02:38","date_gmt":"2023-05-18T12:02:38","guid":{"rendered":"https:\/\/llanesinternationalhostel.com\/?page_id=17"},"modified":"2025-03-25T07:43:24","modified_gmt":"2025-03-25T07:43:24","slug":"quienes-somos","status":"publish","type":"page","link":"https:\/\/llanesinternationalhostel.com\/en\/quienes-somos\/","title":{"rendered":"About us"},"content":{"rendered":"<div data-elementor-type=\"wp-page\" data-elementor-id=\"17\" class=\"elementor elementor-17\">\n\t\t\t\t\t\t<section class=\"elementor-section elementor-top-section elementor-element elementor-element-477d108 elementor-section-boxed elementor-section-height-default elementor-section-height-default\" data-id=\"477d108\" data-element_type=\"section\" data-e-type=\"section\">\n\t\t\t\t\t\t<div class=\"elementor-container elementor-column-gap-default\">\n\t\t\t\t\t<div class=\"elementor-column elementor-col-50 elementor-top-column elementor-element elementor-element-dbc26d3\" data-id=\"dbc26d3\" data-element_type=\"column\" data-e-type=\"column\">\n\t\t\t<div class=\"elementor-widget-wrap elementor-element-populated\">\n\t\t\t\t\t\t<div class=\"elementor-element elementor-element-fc4d5d0 elementor-widget elementor-widget-image\" data-id=\"fc4d5d0\" data-element_type=\"widget\" data-e-type=\"widget\" data-widget_type=\"image.default\">\n\t\t\t\t<div class=\"elementor-widget-container\">\n\t\t\t\t\t\t\t\t\t\t\t\t\t\t\t<img fetchpriority=\"high\" decoding=\"async\" width=\"1024\" height=\"683\" src=\"https:\/\/llanesinternationalhostel.com\/wp-content\/uploads\/2023\/05\/pexels-josh-willink-8364945-1024x683.jpg\" class=\"attachment-large size-large wp-image-518\" alt=\"\" srcset=\"https:\/\/llanesinternationalhostel.com\/wp-content\/uploads\/2023\/05\/pexels-josh-willink-8364945-1024x683.jpg 1024w, https:\/\/llanesinternationalhostel.com\/wp-content\/uploads\/2023\/05\/pexels-josh-willink-8364945-300x200.jpg 300w, https:\/\/llanesinternationalhostel.com\/wp-content\/uploads\/2023\/05\/pexels-josh-willink-8364945-768x512.jpg 768w, https:\/\/llanesinternationalhostel.com\/wp-content\/uploads\/2023\/05\/pexels-josh-willink-8364945-1536x1024.jpg 1536w, https:\/\/llanesinternationalhostel.com\/wp-content\/uploads\/2023\/05\/pexels-josh-willink-8364945-2048x1365.jpg 2048w\" sizes=\"(max-width: 1024px) 100vw, 1024px\" \/>\t\t\t\t\t\t\t\t\t\t\t\t\t\t\t<\/div>\n\t\t\t\t<\/div>\n\t\t\t\t\t<\/div>\n\t\t<\/div>\n\t\t\t\t<div class=\"elementor-column elementor-col-50 elementor-top-column elementor-element elementor-element-5621580\" data-id=\"5621580\" data-element_type=\"column\" data-e-type=\"column\">\n\t\t\t<div class=\"elementor-widget-wrap elementor-element-populated\">\n\t\t\t\t\t\t<div class=\"elementor-element elementor-element-55842aa elementor-widget elementor-widget-text-editor\" data-id=\"55842aa\" data-element_type=\"widget\" data-e-type=\"widget\" data-widget_type=\"text-editor.default\">\n\t\t\t\t<div class=\"elementor-widget-container\">\n\t\t\t\t\t\t\t\t\t<p>Llanes International Hostel es un alojamiento de car\u00e1cter juvenil y familiar, inspirado en los principios de calidad y promoci\u00f3n del cuidado del medio ambiente, el intercambio intercultural y la ense\u00f1anza de idiomas en un ambiente acogedor y familiar<\/p>\t\t\t\t\t\t\t\t<\/div>\n\t\t\t\t<\/div>\n\t\t\t\t\t<\/div>\n\t\t<\/div>\n\t\t\t\t\t<\/div>\n\t\t<\/section>\n\t\t\t\t<section class=\"elementor-section elementor-top-section elementor-element elementor-element-db2d5cc elementor-reverse-mobile elementor-section-boxed elementor-section-height-default elementor-section-height-default\" data-id=\"db2d5cc\" data-element_type=\"section\" data-e-type=\"section\">\n\t\t\t\t\t\t<div class=\"elementor-container elementor-column-gap-default\">\n\t\t\t\t\t<div class=\"elementor-column elementor-col-50 elementor-top-column elementor-element elementor-element-5d9bf42\" data-id=\"5d9bf42\" data-element_type=\"column\" data-e-type=\"column\">\n\t\t\t<div class=\"elementor-widget-wrap elementor-element-populated\">\n\t\t\t\t\t\t<div class=\"elementor-element elementor-element-00ca0b9 elementor-widget elementor-widget-text-editor\" data-id=\"00ca0b9\" data-element_type=\"widget\" data-e-type=\"widget\" data-widget_type=\"text-editor.default\">\n\t\t\t\t<div class=\"elementor-widget-container\">\n\t\t\t\t\t\t\t\t\t<p>Ser reconocidos como un establecimiento que entrega calidad y calidez a nivel superior, con fines sociales, inspirados en la educaci\u00f3n, en la ense\u00f1anza de idiomas, la protecci\u00f3n del medio ambiente y la promoci\u00f3n de los recursos naturales locales<\/p>\t\t\t\t\t\t\t\t<\/div>\n\t\t\t\t<\/div>\n\t\t\t\t\t<\/div>\n\t\t<\/div>\n\t\t\t\t<div class=\"elementor-column elementor-col-50 elementor-top-column elementor-element elementor-element-9384f34\" data-id=\"9384f34\" data-element_type=\"column\" data-e-type=\"column\">\n\t\t\t<div class=\"elementor-widget-wrap elementor-element-populated\">\n\t\t\t\t\t\t<div class=\"elementor-element elementor-element-be6939a elementor-widget elementor-widget-image\" data-id=\"be6939a\" data-element_type=\"widget\" data-e-type=\"widget\" data-widget_type=\"image.default\">\n\t\t\t\t<div class=\"elementor-widget-container\">\n\t\t\t\t\t\t\t\t\t\t\t\t\t\t\t<img decoding=\"async\" width=\"1024\" height=\"683\" src=\"https:\/\/llanesinternationalhostel.com\/wp-content\/uploads\/2023\/05\/pexels-oziel-gomez-840719-1024x683.jpg\" class=\"attachment-large size-large wp-image-682\" alt=\"senderismo\" srcset=\"https:\/\/llanesinternationalhostel.com\/wp-content\/uploads\/2023\/05\/pexels-oziel-gomez-840719-1024x683.jpg 1024w, https:\/\/llanesinternationalhostel.com\/wp-content\/uploads\/2023\/05\/pexels-oziel-gomez-840719-300x200.jpg 300w, https:\/\/llanesinternationalhostel.com\/wp-content\/uploads\/2023\/05\/pexels-oziel-gomez-840719-768x512.jpg 768w, https:\/\/llanesinternationalhostel.com\/wp-content\/uploads\/2023\/05\/pexels-oziel-gomez-840719-1536x1024.jpg 1536w, https:\/\/llanesinternationalhostel.com\/wp-content\/uploads\/2023\/05\/pexels-oziel-gomez-840719-2048x1365.jpg 2048w\" sizes=\"(max-width: 1024px) 100vw, 1024px\" \/>\t\t\t\t\t\t\t\t\t\t\t\t\t\t\t<\/div>\n\t\t\t\t<\/div>\n\t\t\t\t\t<\/div>\n\t\t<\/div>\n\t\t\t\t\t<\/div>\n\t\t<\/section>\n\t\t\t\t<section class=\"elementor-section elementor-top-section elementor-element elementor-element-a2bfd66 elementor-section-boxed elementor-section-height-default elementor-section-height-default\" data-id=\"a2bfd66\" data-element_type=\"section\" data-e-type=\"section\">\n\t\t\t\t\t\t<div class=\"elementor-container elementor-column-gap-default\">\n\t\t\t\t\t<div class=\"elementor-column elementor-col-50 elementor-top-column elementor-element elementor-element-1fcd165\" data-id=\"1fcd165\" data-element_type=\"column\" data-e-type=\"column\">\n\t\t\t<div class=\"elementor-widget-wrap elementor-element-populated\">\n\t\t\t\t\t\t<div class=\"elementor-element elementor-element-947ba22 elementor-widget elementor-widget-image\" data-id=\"947ba22\" data-element_type=\"widget\" data-e-type=\"widget\" data-widget_type=\"image.default\">\n\t\t\t\t<div class=\"elementor-widget-container\">\n\t\t\t\t\t\t\t\t\t\t\t\t\t\t\t<img decoding=\"async\" width=\"577\" height=\"432\" src=\"https:\/\/llanesinternationalhostel.com\/wp-content\/uploads\/2023\/05\/fondo-instalaciones.png\" class=\"attachment-large size-large wp-image-310\" alt=\"fondo instalaciones\" srcset=\"https:\/\/llanesinternationalhostel.com\/wp-content\/uploads\/2023\/05\/fondo-instalaciones.png 577w, https:\/\/llanesinternationalhostel.com\/wp-content\/uploads\/2023\/05\/fondo-instalaciones-300x225.png 300w\" sizes=\"(max-width: 577px) 100vw, 577px\" \/>\t\t\t\t\t\t\t\t\t\t\t\t\t\t\t<\/div>\n\t\t\t\t<\/div>\n\t\t\t\t\t<\/div>\n\t\t<\/div>\n\t\t\t\t<div class=\"elementor-column elementor-col-50 elementor-top-column elementor-element elementor-element-f272909\" data-id=\"f272909\" data-element_type=\"column\" data-e-type=\"column\">\n\t\t\t<div class=\"elementor-widget-wrap elementor-element-populated\">\n\t\t\t\t\t\t<div class=\"elementor-element elementor-element-61173f1 elementor-widget elementor-widget-text-editor\" data-id=\"61173f1\" data-element_type=\"widget\" data-e-type=\"widget\" data-widget_type=\"text-editor.default\">\n\t\t\t\t<div class=\"elementor-widget-container\">\n\t\t\t\t\t\t\t\t\t<p>Nuestros valores son:<\/p><p>RESPETO por el medio ambiente y nuestro entorno.<br \/>AMABILIDAD y calidez: vivimos en un ambiente alegre, de respeto y confianza que hace sentir a nuestros Clientes como en su casa, felices y c\u00f3modos.<br \/>CALIDAD: entregando a nuestros Clientes el buen trato y seguridad que esperan.<br \/>COMPROMISO: somos un equipo humano que trabaja con pasi\u00f3n y dedicaci\u00f3n al Cliente.<br \/>RESPONSABILIDAD: hacia los usuarios, las instituciones y la sociedad en general.<\/p>\t\t\t\t\t\t\t\t<\/div>\n\t\t\t\t<\/div>\n\t\t\t\t\t<\/div>\n\t\t<\/div>\n\t\t\t\t\t<\/div>\n\t\t<\/section>\n\t\t\t\t<\/div>","protected":false},"excerpt":{"rendered":"<p>Llanes International Hostel es un alojamiento de car\u00e1cter juvenil y familiar, inspirado en los principios de calidad y promoci\u00f3n del cuidado del medio ambiente, el intercambio intercultural y la ense\u00f1anza de idiomas en un ambiente acogedor y familiar Ser reconocidos como un establecimiento que entrega calidad y calidez a nivel superior, con fines sociales, inspirados [&hellip;]<\/p>\n","protected":false},"author":1,"featured_media":0,"parent":0,"menu_order":0,"comment_status":"closed","ping_status":"closed","template":"","meta":{"site-sidebar-layout":"no-sidebar","site-content-layout":"page-builder","ast-site-content-layout":"default","site-content-style":"default","site-sidebar-style":"default","ast-global-header-display":"","ast-banner-title-visibility":"","ast-main-header-display":"","ast-hfb-above-header-display":"","ast-hfb-below-header-display":"","ast-hfb-mobile-header-display":"","site-post-title":"disabled","ast-breadcrumbs-content":"","ast-featured-img":"disabled","footer-sml-layout":"","ast-disable-related-posts":"","theme-transparent-header-meta":"","adv-header-id-meta":"","stick-header-meta":"","header-above-stick-meta":"","header-main-stick-meta":"","header-below-stick-meta":"","astra-migrate-meta-layouts":"default","ast-page-background-enabled":"default","ast-page-background-meta":{"desktop":{"background-color":"var(--ast-global-color-4)","background-image":"","background-repeat":"repeat","background-position":"center center","background-size":"auto","background-attachment":"scroll","background-type":"","background-media":"","overlay-type":"","overlay-color":"","overlay-opacity":"","overlay-gradient":""},"tablet":{"background-color":"","background-image":"","background-repeat":"repeat","background-position":"center center","background-size":"auto","background-attachment":"scroll","background-type":"","background-media":"","overlay-type":"","overlay-color":"","overlay-opacity":"","overlay-gradient":""},"mobile":{"background-color":"","background-image":"","background-repeat":"repeat","background-position":"center center","background-size":"auto","background-attachment":"scroll","background-type":"","background-media":"","overlay-type":"","overlay-color":"","overlay-opacity":"","overlay-gradient":""}},"ast-content-background-meta":{"desktop":{"background-color":"var(--ast-global-color-5)","background-image":"","background-repeat":"repeat","background-position":"center center","background-size":"auto","background-attachment":"scroll","background-type":"","background-media":"","overlay-type":"","overlay-color":"","overlay-opacity":"","overlay-gradient":""},"tablet":{"background-color":"var(--ast-global-color-5)","background-image":"","background-repeat":"repeat","background-position":"center center","background-size":"auto","background-attachment":"scroll","background-type":"","background-media":"","overlay-type":"","overlay-color":"","overlay-opacity":"","overlay-gradient":""},"mobile":{"background-color":"var(--ast-global-color-5)","background-image":"","background-repeat":"repeat","background-position":"center center","background-size":"auto","background-attachment":"scroll","background-type":"","background-media":"","overlay-type":"","overlay-color":"","overlay-opacity":"","overlay-gradient":""}},"footnotes":""},"class_list":["post-17","page","type-page","status-publish","hentry"],"yoast_head":"<!-- This site is optimized with the Yoast SEO plugin v27.4 - https:\/\/yoast.com\/product\/yoast-seo-wordpress\/ -->\n<title>Qui\u00e9nes Somos - Llanes International Hostel<\/title>\n<meta name=\"description\" content=\"Somos un alojamiento de car\u00e1cter juvenil y familiar. Nuestro prop\u00f3sito es llenar de aventuras tu estancia con nosotros.\" \/>\n<meta name=\"robots\" content=\"index, follow, max-snippet:-1, max-image-preview:large, max-video-preview:-1\" \/>\n<link rel=\"canonical\" href=\"https:\/\/llanesinternationalhostel.com\/en\/quienes-somos\/\" \/>\n<meta property=\"og:locale\" content=\"en_GB\" \/>\n<meta property=\"og:type\" content=\"article\" \/>\n<meta property=\"og:title\" content=\"Qui\u00e9nes Somos - Llanes International Hostel\" \/>\n<meta property=\"og:description\" content=\"Somos un alojamiento de car\u00e1cter juvenil y familiar. Nuestro prop\u00f3sito es llenar de aventuras tu estancia con nosotros.\" \/>\n<meta property=\"og:url\" content=\"https:\/\/llanesinternationalhostel.com\/en\/quienes-somos\/\" \/>\n<meta property=\"og:site_name\" content=\"Llanes International Hostel\" \/>\n<meta property=\"article:modified_time\" content=\"2025-03-25T07:43:24+00:00\" \/>\n<meta property=\"og:image\" content=\"https:\/\/llanesinternationalhostel.com\/wp-content\/uploads\/2023\/05\/pexels-josh-willink-8364945-scaled.jpg\" \/>\n\t<meta property=\"og:image:width\" content=\"2560\" \/>\n\t<meta property=\"og:image:height\" content=\"1707\" \/>\n\t<meta property=\"og:image:type\" content=\"image\/jpeg\" \/>\n<meta name=\"twitter:card\" content=\"summary_large_image\" \/>\n<meta name=\"twitter:label1\" content=\"Estimated reading time\" \/>\n\t<meta name=\"twitter:data1\" content=\"2 minutes\" \/>\n<script type=\"application\/ld+json\" class=\"yoast-schema-graph\">{\"@context\":\"https:\\\/\\\/schema.org\",\"@graph\":[{\"@type\":\"WebPage\",\"@id\":\"https:\\\/\\\/llanesinternationalhostel.com\\\/quienes-somos\\\/\",\"url\":\"https:\\\/\\\/llanesinternationalhostel.com\\\/quienes-somos\\\/\",\"name\":\"Qui\u00e9nes Somos - Llanes International Hostel\",\"isPartOf\":{\"@id\":\"https:\\\/\\\/llanesinternationalhostel.com\\\/#website\"},\"primaryImageOfPage\":{\"@id\":\"https:\\\/\\\/llanesinternationalhostel.com\\\/quienes-somos\\\/#primaryimage\"},\"image\":{\"@id\":\"https:\\\/\\\/llanesinternationalhostel.com\\\/quienes-somos\\\/#primaryimage\"},\"thumbnailUrl\":\"https:\\\/\\\/llanesinternationalhostel.com\\\/wp-content\\\/uploads\\\/2023\\\/05\\\/pexels-josh-willink-8364945-1024x683.jpg\",\"datePublished\":\"2023-05-18T12:02:38+00:00\",\"dateModified\":\"2025-03-25T07:43:24+00:00\",\"description\":\"Somos un alojamiento de car\u00e1cter juvenil y familiar. Nuestro prop\u00f3sito es llenar de aventuras tu estancia con nosotros.\",\"breadcrumb\":{\"@id\":\"https:\\\/\\\/llanesinternationalhostel.com\\\/quienes-somos\\\/#breadcrumb\"},\"inLanguage\":\"en-GB\",\"potentialAction\":[{\"@type\":\"ReadAction\",\"target\":[\"https:\\\/\\\/llanesinternationalhostel.com\\\/quienes-somos\\\/\"]}]},{\"@type\":\"ImageObject\",\"inLanguage\":\"en-GB\",\"@id\":\"https:\\\/\\\/llanesinternationalhostel.com\\\/quienes-somos\\\/#primaryimage\",\"url\":\"https:\\\/\\\/llanesinternationalhostel.com\\\/wp-content\\\/uploads\\\/2023\\\/05\\\/pexels-josh-willink-8364945-1024x683.jpg\",\"contentUrl\":\"https:\\\/\\\/llanesinternationalhostel.com\\\/wp-content\\\/uploads\\\/2023\\\/05\\\/pexels-josh-willink-8364945-1024x683.jpg\"},{\"@type\":\"BreadcrumbList\",\"@id\":\"https:\\\/\\\/llanesinternationalhostel.com\\\/quienes-somos\\\/#breadcrumb\",\"itemListElement\":[{\"@type\":\"ListItem\",\"position\":1,\"name\":\"Portada\",\"item\":\"https:\\\/\\\/llanesinternationalhostel.com\\\/\"},{\"@type\":\"ListItem\",\"position\":2,\"name\":\"Qui\u00e9nes Somos\"}]},{\"@type\":\"WebSite\",\"@id\":\"https:\\\/\\\/llanesinternationalhostel.com\\\/#website\",\"url\":\"https:\\\/\\\/llanesinternationalhostel.com\\\/\",\"name\":\"Llanes International Hostel\",\"description\":\"\",\"publisher\":{\"@id\":\"https:\\\/\\\/llanesinternationalhostel.com\\\/#organization\"},\"potentialAction\":[{\"@type\":\"SearchAction\",\"target\":{\"@type\":\"EntryPoint\",\"urlTemplate\":\"https:\\\/\\\/llanesinternationalhostel.com\\\/?s={search_term_string}\"},\"query-input\":{\"@type\":\"PropertyValueSpecification\",\"valueRequired\":true,\"valueName\":\"search_term_string\"}}],\"inLanguage\":\"en-GB\"},{\"@type\":\"Organization\",\"@id\":\"https:\\\/\\\/llanesinternationalhostel.com\\\/#organization\",\"name\":\"Llanes International Hostel\",\"url\":\"https:\\\/\\\/llanesinternationalhostel.com\\\/\",\"logo\":{\"@type\":\"ImageObject\",\"inLanguage\":\"en-GB\",\"@id\":\"https:\\\/\\\/llanesinternationalhostel.com\\\/#\\\/schema\\\/logo\\\/image\\\/\",\"url\":\"https:\\\/\\\/llanesinternationalhostel.com\\\/wp-content\\\/uploads\\\/2023\\\/06\\\/LlanesLOGO.png\",\"contentUrl\":\"https:\\\/\\\/llanesinternationalhostel.com\\\/wp-content\\\/uploads\\\/2023\\\/06\\\/LlanesLOGO.png\",\"width\":3317,\"height\":758,\"caption\":\"Llanes International Hostel\"},\"image\":{\"@id\":\"https:\\\/\\\/llanesinternationalhostel.com\\\/#\\\/schema\\\/logo\\\/image\\\/\"}}]}<\/script>\n<!-- \/ Yoast SEO plugin. -->","yoast_head_json":{"title":"Qui\u00e9nes Somos - Llanes International Hostel","description":"Somos un alojamiento de car\u00e1cter juvenil y familiar. Nuestro prop\u00f3sito es llenar de aventuras tu estancia con nosotros.","robots":{"index":"index","follow":"follow","max-snippet":"max-snippet:-1","max-image-preview":"max-image-preview:large","max-video-preview":"max-video-preview:-1"},"canonical":"https:\/\/llanesinternationalhostel.com\/en\/quienes-somos\/","og_locale":"en_GB","og_type":"article","og_title":"Qui\u00e9nes Somos - Llanes International Hostel","og_description":"Somos un alojamiento de car\u00e1cter juvenil y familiar. Nuestro prop\u00f3sito es llenar de aventuras tu estancia con nosotros.","og_url":"https:\/\/llanesinternationalhostel.com\/en\/quienes-somos\/","og_site_name":"Llanes International Hostel","article_modified_time":"2025-03-25T07:43:24+00:00","og_image":[{"width":2560,"height":1707,"url":"https:\/\/llanesinternationalhostel.com\/wp-content\/uploads\/2023\/05\/pexels-josh-willink-8364945-scaled.jpg","type":"image\/jpeg"}],"twitter_card":"summary_large_image","twitter_misc":{"Estimated reading time":"2 minutes"},"schema":{"@context":"https:\/\/schema.org","@graph":[{"@type":"WebPage","@id":"https:\/\/llanesinternationalhostel.com\/quienes-somos\/","url":"https:\/\/llanesinternationalhostel.com\/quienes-somos\/","name":"Qui\u00e9nes Somos - Llanes International Hostel","isPartOf":{"@id":"https:\/\/llanesinternationalhostel.com\/#website"},"primaryImageOfPage":{"@id":"https:\/\/llanesinternationalhostel.com\/quienes-somos\/#primaryimage"},"image":{"@id":"https:\/\/llanesinternationalhostel.com\/quienes-somos\/#primaryimage"},"thumbnailUrl":"https:\/\/llanesinternationalhostel.com\/wp-content\/uploads\/2023\/05\/pexels-josh-willink-8364945-1024x683.jpg","datePublished":"2023-05-18T12:02:38+00:00","dateModified":"2025-03-25T07:43:24+00:00","description":"Somos un alojamiento de car\u00e1cter juvenil y familiar. Nuestro prop\u00f3sito es llenar de aventuras tu estancia con nosotros.","breadcrumb":{"@id":"https:\/\/llanesinternationalhostel.com\/quienes-somos\/#breadcrumb"},"inLanguage":"en-GB","potentialAction":[{"@type":"ReadAction","target":["https:\/\/llanesinternationalhostel.com\/quienes-somos\/"]}]},{"@type":"ImageObject","inLanguage":"en-GB","@id":"https:\/\/llanesinternationalhostel.com\/quienes-somos\/#primaryimage","url":"https:\/\/llanesinternationalhostel.com\/wp-content\/uploads\/2023\/05\/pexels-josh-willink-8364945-1024x683.jpg","contentUrl":"https:\/\/llanesinternationalhostel.com\/wp-content\/uploads\/2023\/05\/pexels-josh-willink-8364945-1024x683.jpg"},{"@type":"BreadcrumbList","@id":"https:\/\/llanesinternationalhostel.com\/quienes-somos\/#breadcrumb","itemListElement":[{"@type":"ListItem","position":1,"name":"Portada","item":"https:\/\/llanesinternationalhostel.com\/"},{"@type":"ListItem","position":2,"name":"Qui\u00e9nes Somos"}]},{"@type":"WebSite","@id":"https:\/\/llanesinternationalhostel.com\/#website","url":"https:\/\/llanesinternationalhostel.com\/","name":"Llanes International Hostel","description":"","publisher":{"@id":"https:\/\/llanesinternationalhostel.com\/#organization"},"potentialAction":[{"@type":"SearchAction","target":{"@type":"EntryPoint","urlTemplate":"https:\/\/llanesinternationalhostel.com\/?s={search_term_string}"},"query-input":{"@type":"PropertyValueSpecification","valueRequired":true,"valueName":"search_term_string"}}],"inLanguage":"en-GB"},{"@type":"Organization","@id":"https:\/\/llanesinternationalhostel.com\/#organization","name":"Llanes International Hostel","url":"https:\/\/llanesinternationalhostel.com\/","logo":{"@type":"ImageObject","inLanguage":"en-GB","@id":"https:\/\/llanesinternationalhostel.com\/#\/schema\/logo\/image\/","url":"https:\/\/llanesinternationalhostel.com\/wp-content\/uploads\/2023\/06\/LlanesLOGO.png","contentUrl":"https:\/\/llanesinternationalhostel.com\/wp-content\/uploads\/2023\/06\/LlanesLOGO.png","width":3317,"height":758,"caption":"Llanes International Hostel"},"image":{"@id":"https:\/\/llanesinternationalhostel.com\/#\/schema\/logo\/image\/"}}]}},"_links":{"self":[{"href":"https:\/\/llanesinternationalhostel.com\/en\/wp-json\/wp\/v2\/pages\/17","targetHints":{"allow":["GET"]}}],"collection":[{"href":"https:\/\/llanesinternationalhostel.com\/en\/wp-json\/wp\/v2\/pages"}],"about":[{"href":"https:\/\/llanesinternationalhostel.com\/en\/wp-json\/wp\/v2\/types\/page"}],"author":[{"embeddable":true,"href":"https:\/\/llanesinternationalhostel.com\/en\/wp-json\/wp\/v2\/users\/1"}],"replies":[{"embeddable":true,"href":"https:\/\/llanesinternationalhostel.com\/en\/wp-json\/wp\/v2\/comments?post=17"}],"version-history":[{"count":44,"href":"https:\/\/llanesinternationalhostel.com\/en\/wp-json\/wp\/v2\/pages\/17\/revisions"}],"predecessor-version":[{"id":2357,"href":"https:\/\/llanesinternationalhostel.com\/en\/wp-json\/wp\/v2\/pages\/17\/revisions\/2357"}],"wp:attachment":[{"href":"https:\/\/llanesinternationalhostel.com\/en\/wp-json\/wp\/v2\/media?parent=17"}],"curies":[{"name":"wp","href":"https:\/\/api.w.org\/{rel}","templated":true}]}}